{"id":6,"date":"2022-12-09T21:00:04","date_gmt":"2022-12-09T21:00:04","guid":{"rendered":"https:\/\/neszeress.hu\/?page_id=6"},"modified":"2022-12-10T11:29:01","modified_gmt":"2022-12-10T11:29:01","slug":"feliratkozas","status":"publish","type":"page","link":"https:\/\/neszeress.hu\/","title":{"rendered":"Feliratkozas"},"content":{"rendered":"\t\t<div data-elementor-type=\"wp-page\" data-elementor-id=\"6\" class=\"elementor elementor-6\">\n\t\t\t\t\t\t\t\t\t<section class=\"elementor-section elementor-top-section elementor-element elementor-element-a187a25 elementor-section-height-full elementor-section-boxed elementor-section-height-default elementor-section-items-middle\" data-id=\"a187a25\" data-element_type=\"section\" data-settings=\"{&quot;background_background&quot;:&quot;classic&quot;}\">\n\t\t\t\t\t\t\t<div class=\"elementor-background-overlay\"><\/div>\n\t\t\t\t\t\t\t<div class=\"elementor-container elementor-column-gap-default\">\n\t\t\t\t\t<div class=\"elementor-column elementor-col-100 elementor-top-column elementor-element elementor-element-3197332\" data-id=\"3197332\" data-element_type=\"column\" data-settings=\"{&quot;background_background&quot;:&quot;classic&quot;}\">\n\t\t\t<div class=\"elementor-widget-wrap elementor-element-populated\">\n\t\t\t\t\t\t\t\t<div class=\"elementor-element elementor-element-452512b elementor-widget elementor-widget-image\" data-id=\"452512b\" data-element_type=\"widget\" data-widget_type=\"image.default\">\n\t\t\t\t<div class=\"elementor-widget-container\">\n\t\t\t<style>\/*! elementor - v3.9.0 - 06-12-2022 *\/\n.elementor-widget-image{text-align:center}.elementor-widget-image a{display:inline-block}.elementor-widget-image a img[src$=\".svg\"]{width:48px}.elementor-widget-image img{vertical-align:middle;display:inline-block}<\/style>\t\t\t\t\t\t\t\t\t\t\t\t<img loading=\"lazy\" decoding=\"async\" width=\"800\" height=\"194\" src=\"https:\/\/neszeress.hu\/wp-content\/uploads\/2022\/12\/neszeress-logo_03-1024x248.png\" class=\"attachment-large size-large wp-image-28\" alt=\"\" srcset=\"https:\/\/neszeress.hu\/wp-content\/uploads\/2022\/12\/neszeress-logo_03-1024x248.png 1024w, https:\/\/neszeress.hu\/wp-content\/uploads\/2022\/12\/neszeress-logo_03-300x73.png 300w, https:\/\/neszeress.hu\/wp-content\/uploads\/2022\/12\/neszeress-logo_03-768x186.png 768w, https:\/\/neszeress.hu\/wp-content\/uploads\/2022\/12\/neszeress-logo_03.png 1437w\" sizes=\"auto, (max-width: 800px) 100vw, 800px\" \/>\t\t\t\t\t\t\t\t\t\t\t\t\t\t\t<\/div>\n\t\t\t\t<\/div>\n\t\t\t\t<div class=\"elementor-element elementor-element-4e366fc elementor-widget elementor-widget-heading\" data-id=\"4e366fc\" data-element_type=\"widget\" data-widget_type=\"heading.default\">\n\t\t\t\t<div class=\"elementor-widget-container\">\n\t\t\t<style>\/*! elementor - v3.9.0 - 06-12-2022 *\/\n.elementor-heading-title{padding:0;margin:0;line-height:1}.elementor-widget-heading .elementor-heading-title[class*=elementor-size-]>a{color:inherit;font-size:inherit;line-height:inherit}.elementor-widget-heading .elementor-heading-title.elementor-size-small{font-size:15px}.elementor-widget-heading .elementor-heading-title.elementor-size-medium{font-size:19px}.elementor-widget-heading .elementor-heading-title.elementor-size-large{font-size:29px}.elementor-widget-heading .elementor-heading-title.elementor-size-xl{font-size:39px}.elementor-widget-heading .elementor-heading-title.elementor-size-xxl{font-size:59px}<\/style><h2 class=\"elementor-heading-title elementor-size-default\">Ne szeress...<\/h2>\t\t<\/div>\n\t\t\t\t<\/div>\n\t\t\t\t<div class=\"elementor-element elementor-element-d150eec elementor-widget elementor-widget-text-editor\" data-id=\"d150eec\" data-element_type=\"widget\" data-widget_type=\"text-editor.default\">\n\t\t\t\t<div class=\"elementor-widget-container\">\n\t\t\t<style>\/*! elementor - v3.9.0 - 06-12-2022 *\/\n.elementor-widget-text-editor.elementor-drop-cap-view-stacked .elementor-drop-cap{background-color:#818a91;color:#fff}.elementor-widget-text-editor.elementor-drop-cap-view-framed .elementor-drop-cap{color:#818a91;border:3px solid;background-color:transparent}.elementor-widget-text-editor:not(.elementor-drop-cap-view-default) .elementor-drop-cap{margin-top:8px}.elementor-widget-text-editor:not(.elementor-drop-cap-view-default) .elementor-drop-cap-letter{width:1em;height:1em}.elementor-widget-text-editor .elementor-drop-cap{float:left;text-align:center;line-height:1;font-size:50px}.elementor-widget-text-editor .elementor-drop-cap-letter{display:inline-block}<\/style>\t\t\t\t<p>Hanem rajongj \u00e9rtem!<\/p><p>Hanem k\u00e9nyeztess el!<\/p><p>Hanem tegy\u00e9l a kedvemre!<\/p>\t\t\t\t\t\t<\/div>\n\t\t\t\t<\/div>\n\t\t\t\t<div class=\"elementor-element elementor-element-aed4246 elementor-widget elementor-widget-text-editor\" data-id=\"aed4246\" data-element_type=\"widget\" data-widget_type=\"text-editor.default\">\n\t\t\t\t<div class=\"elementor-widget-container\">\n\t\t\t\t\t\t\t<p><span style=\"font-size: 1rem;\">Ne feledd, csak egyszer \u00e9lsz, \u00e9s a t\u00e1rskeres\u0151nk hamarosan indul!<\/span><br><\/p>\n<p>Egy t\u00e1rskeres\u0151 azoknak, akik szeretik az \u00e9letet meg\u00e9lni, nem csak le\u00e9lni!<\/p>\t\t\t\t\t\t<\/div>\n\t\t\t\t<\/div>\n\t\t\t\t<div class=\"elementor-element elementor-element-408ae9c elementor-widget__width-initial elementor-widget-mobile__width-inherit elementor-widget elementor-widget-shortcode\" data-id=\"408ae9c\" data-element_type=\"widget\" data-widget_type=\"shortcode.default\">\n\t\t\t\t<div class=\"elementor-widget-container\">\n\t\t\t\t\t<div class=\"elementor-shortcode\"><div class=\"forminator-ui forminator-custom-form forminator-custom-form-12 forminator-design--material  forminator_ajax\" data-forminator-render=\"0\" data-form=\"forminator-module-12\" data-uid=\"69fc1626a5eea\"><br\/><\/div><form\n\t\t\t\tid=\"forminator-module-12\"\n\t\t\t\tclass=\"forminator-ui forminator-custom-form forminator-custom-form-12 forminator-design--material  forminator_ajax\"\n\t\t\t\tmethod=\"post\"\n\t\t\t\tdata-forminator-render=\"0\"\n\t\t\t\tdata-form-id=\"12\"\n\t\t\t\t\n\t\t\t\tdata-design=\"material\"\n\t\t\t\t\n\t\t\t\t\n\t\t\t\t\n\t\t\t\tdata-grid=\"open\"\n\t\t\t\t\n\t\t\t\t\n\t\t\t\tstyle=\"display: none;\"\n\t\t\t\t\n\t\t\t\tdata-uid=\"69fc1626a5eea\"\n\t\t\t><div class=\"forminator-response-message forminator-error\" aria-hidden=\"true\"><\/div><div class=\"forminator-row\"><div id=\"email-1\" class=\"forminator-col forminator-col-12  form-mail\"><div class=\"forminator-field\"><label for=\"forminator-field-email-1_69fc1626a5eea\" class=\"forminator-label\">E-mail c\u00edm <span class=\"forminator-required\">*<\/span><\/label><input type=\"email\" name=\"email-1\" value=\"\" placeholder=\"k\u00e9rj\u00fck, add meg az e-mail c\u00edmed\" id=\"forminator-field-email-1_69fc1626a5eea\" class=\"forminator-input forminator-email--field\" data-required=\"true\" aria-required=\"true\" \/><\/div><\/div><\/div><input type=\"hidden\" name=\"referer_url\" value=\"\" \/><div class=\"forminator-row forminator-row-last\"><div class=\"forminator-col\"><div class=\"forminator-field\"><button class=\"forminator-button forminator-button-submit form-button\"><span>&Iacute;rj, ha indul<\/span><span aria-hidden=\"true\"><\/span><\/button><\/div><\/div><\/div><input type=\"hidden\" id=\"forminator_nonce\" name=\"forminator_nonce\" value=\"1e4b4bf358\" \/><input type=\"hidden\" name=\"_wp_http_referer\" value=\"\/index.php?rest_route=%2Fwp%2Fv2%2Fpages%2F6\" \/><input type=\"hidden\" name=\"form_id\" value=\"12\"><input type=\"hidden\" name=\"page_id\" value=\"6\"><input type=\"hidden\" name=\"form_type\" value=\"default\"><input type=\"hidden\" name=\"current_url\" value=\"https:\/\/neszeress.hu\/\"><input type=\"hidden\" name=\"render_id\" value=\"0\"><input type=\"hidden\" name=\"action\" value=\"forminator_submit_form_custom-forms\"><\/form><\/div>\n\t\t\t\t<\/div>\n\t\t\t\t<\/div>\n\t\t\t\t\t<\/div>\n\t\t<\/div>\n\t\t\t\t\t\t\t<\/div>\n\t\t<\/section>\n\t\t\t\t\t\t\t<\/div>\n\t\t","protected":false},"excerpt":{"rendered":"<p>Ne szeress&#8230; Hanem rajongj \u00e9rtem! Hanem k\u00e9nyeztess el! Hanem tegy\u00e9l a kedvemre! Ne feledd, csak egyszer \u00e9lsz, \u00e9s a t\u00e1rskeres\u0151nk hamarosan indul! Egy t\u00e1rskeres\u0151 azoknak, akik szeretik az \u00e9letet meg\u00e9lni, nem csak le\u00e9lni!<\/p>\n","protected":false},"author":1,"featured_media":0,"parent":0,"menu_order":0,"comment_status":"closed","ping_status":"closed","template":"elementor_canvas","meta":{"footnotes":""},"class_list":["post-6","page","type-page","status-publish","hentry"],"yoast_head":"<!-- This site is optimized with the Yoast SEO plugin v19.11 - https:\/\/yoast.com\/wordpress\/plugins\/seo\/ -->\n<title>Feliratkozas - Neszeress<\/title>\n<meta name=\"robots\" content=\"index, follow, max-snippet:-1, max-image-preview:large, max-video-preview:-1\" \/>\n<link rel=\"canonical\" href=\"https:\/\/neszeress.hu\/\" \/>\n<meta property=\"og:locale\" content=\"hu_HU\" \/>\n<meta property=\"og:type\" content=\"article\" \/>\n<meta property=\"og:title\" content=\"Feliratkozas - Neszeress\" \/>\n<meta property=\"og:description\" content=\"Ne szeress&#8230; Hanem rajongj \u00e9rtem! Hanem k\u00e9nyeztess el! Hanem tegy\u00e9l a kedvemre! Ne feledd, csak egyszer \u00e9lsz, \u00e9s a t\u00e1rskeres\u0151nk hamarosan indul! Egy t\u00e1rskeres\u0151 azoknak, akik szeretik az \u00e9letet meg\u00e9lni, nem csak le\u00e9lni!\" \/>\n<meta property=\"og:url\" content=\"https:\/\/neszeress.hu\/\" \/>\n<meta property=\"og:site_name\" content=\"Neszeress\" \/>\n<meta property=\"article:modified_time\" content=\"2022-12-10T11:29:01+00:00\" \/>\n<meta property=\"og:image\" content=\"https:\/\/neszeress.hu\/wp-content\/uploads\/2022\/12\/neszeress-logo_03-1024x248.png\" \/>\n<meta name=\"twitter:card\" content=\"summary_large_image\" \/>\n<meta name=\"twitter:label1\" content=\"Becs\u00fclt olvas\u00e1si id\u0151\" \/>\n\t<meta name=\"twitter:data1\" content=\"9 perc\" \/>\n<script type=\"application\/ld+json\" class=\"yoast-schema-graph\">{\"@context\":\"https:\/\/schema.org\",\"@graph\":[{\"@type\":\"WebPage\",\"@id\":\"https:\/\/neszeress.hu\/\",\"url\":\"https:\/\/neszeress.hu\/\",\"name\":\"Feliratkozas - Neszeress\",\"isPartOf\":{\"@id\":\"https:\/\/neszeress.hu\/#website\"},\"datePublished\":\"2022-12-09T21:00:04+00:00\",\"dateModified\":\"2022-12-10T11:29:01+00:00\",\"breadcrumb\":{\"@id\":\"https:\/\/neszeress.hu\/#breadcrumb\"},\"inLanguage\":\"hu\",\"potentialAction\":[{\"@type\":\"ReadAction\",\"target\":[\"https:\/\/neszeress.hu\/\"]}]},{\"@type\":\"BreadcrumbList\",\"@id\":\"https:\/\/neszeress.hu\/#breadcrumb\",\"itemListElement\":[{\"@type\":\"ListItem\",\"position\":1,\"name\":\"Kezd\u0151lap\",\"item\":\"https:\/\/neszeress.hu\/\"},{\"@type\":\"ListItem\",\"position\":2,\"name\":\"Feliratkozas\"}]},{\"@type\":\"WebSite\",\"@id\":\"https:\/\/neszeress.hu\/#website\",\"url\":\"https:\/\/neszeress.hu\/\",\"name\":\"Neszeress\",\"description\":\"Egy \u00fajabb WordPress honlap\",\"potentialAction\":[{\"@type\":\"SearchAction\",\"target\":{\"@type\":\"EntryPoint\",\"urlTemplate\":\"https:\/\/neszeress.hu\/?s={search_term_string}\"},\"query-input\":\"required name=search_term_string\"}],\"inLanguage\":\"hu\"}]}<\/script>\n<!-- \/ Yoast SEO plugin. -->","yoast_head_json":{"title":"Feliratkozas - Neszeress","robots":{"index":"index","follow":"follow","max-snippet":"max-snippet:-1","max-image-preview":"max-image-preview:large","max-video-preview":"max-video-preview:-1"},"canonical":"https:\/\/neszeress.hu\/","og_locale":"hu_HU","og_type":"article","og_title":"Feliratkozas - Neszeress","og_description":"Ne szeress&#8230; Hanem rajongj \u00e9rtem! Hanem k\u00e9nyeztess el! Hanem tegy\u00e9l a kedvemre! Ne feledd, csak egyszer \u00e9lsz, \u00e9s a t\u00e1rskeres\u0151nk hamarosan indul! Egy t\u00e1rskeres\u0151 azoknak, akik szeretik az \u00e9letet meg\u00e9lni, nem csak le\u00e9lni!","og_url":"https:\/\/neszeress.hu\/","og_site_name":"Neszeress","article_modified_time":"2022-12-10T11:29:01+00:00","og_image":[{"url":"https:\/\/neszeress.hu\/wp-content\/uploads\/2022\/12\/neszeress-logo_03-1024x248.png"}],"twitter_card":"summary_large_image","twitter_misc":{"Becs\u00fclt olvas\u00e1si id\u0151":"9 perc"},"schema":{"@context":"https:\/\/schema.org","@graph":[{"@type":"WebPage","@id":"https:\/\/neszeress.hu\/","url":"https:\/\/neszeress.hu\/","name":"Feliratkozas - Neszeress","isPartOf":{"@id":"https:\/\/neszeress.hu\/#website"},"datePublished":"2022-12-09T21:00:04+00:00","dateModified":"2022-12-10T11:29:01+00:00","breadcrumb":{"@id":"https:\/\/neszeress.hu\/#breadcrumb"},"inLanguage":"hu","potentialAction":[{"@type":"ReadAction","target":["https:\/\/neszeress.hu\/"]}]},{"@type":"BreadcrumbList","@id":"https:\/\/neszeress.hu\/#breadcrumb","itemListElement":[{"@type":"ListItem","position":1,"name":"Kezd\u0151lap","item":"https:\/\/neszeress.hu\/"},{"@type":"ListItem","position":2,"name":"Feliratkozas"}]},{"@type":"WebSite","@id":"https:\/\/neszeress.hu\/#website","url":"https:\/\/neszeress.hu\/","name":"Neszeress","description":"Egy \u00fajabb WordPress honlap","potentialAction":[{"@type":"SearchAction","target":{"@type":"EntryPoint","urlTemplate":"https:\/\/neszeress.hu\/?s={search_term_string}"},"query-input":"required name=search_term_string"}],"inLanguage":"hu"}]}},"_links":{"self":[{"href":"https:\/\/neszeress.hu\/index.php?rest_route=\/wp\/v2\/pages\/6","targetHints":{"allow":["GET"]}}],"collection":[{"href":"https:\/\/neszeress.hu\/index.php?rest_route=\/wp\/v2\/pages"}],"about":[{"href":"https:\/\/neszeress.hu\/index.php?rest_route=\/wp\/v2\/types\/page"}],"author":[{"embeddable":true,"href":"https:\/\/neszeress.hu\/index.php?rest_route=\/wp\/v2\/users\/1"}],"replies":[{"embeddable":true,"href":"https:\/\/neszeress.hu\/index.php?rest_route=%2Fwp%2Fv2%2Fcomments&post=6"}],"version-history":[{"count":79,"href":"https:\/\/neszeress.hu\/index.php?rest_route=\/wp\/v2\/pages\/6\/revisions"}],"predecessor-version":[{"id":97,"href":"https:\/\/neszeress.hu\/index.php?rest_route=\/wp\/v2\/pages\/6\/revisions\/97"}],"wp:attachment":[{"href":"https:\/\/neszeress.hu\/index.php?rest_route=%2Fwp%2Fv2%2Fmedia&parent=6"}],"curies":[{"name":"wp","href":"https:\/\/api.w.org\/{rel}","templated":true}]}}